{"id":153,"date":"2018-09-07T06:02:30","date_gmt":"2018-09-07T06:02:30","guid":{"rendered":"http:\/\/paivakumpu.net\/?page_id=153"},"modified":"2018-09-07T06:02:30","modified_gmt":"2018-09-07T06:02:30","slug":"aluetoimikunnan-vierailu","status":"publish","type":"page","link":"https:\/\/paivakumpu.net\/index.php\/muuta\/liikuntapuisto\/aluetoimikunnan-vierailu\/","title":{"rendered":"Aluetoimikunnan vierailu"},"content":{"rendered":"<p>Koivukyl\u00e4n Aluetoimikunta tutustui 26.9. kokouksensa yhteydess\u00e4 bussikiertoajelulla l\u00e4hiseudun nykyiseen rakennuskantaan ja tuleviin hankkeiden maavarauksiin.<\/p>\n<p>Kuvassa Ester Koskelaisen L\u00e4hiliikuntapuistossa jalkautuneet edustajat. Kiertok\u00e4ynti\u00e4 johtivat aluejohtaja Sakari Lyly (kolmas vas.) ja aluearkkitehti Anu Pentinmikko (viides vas.). Aluetoimikunnan puheenjohtaja Veli Heikkil\u00e4 on kuvassa seitsem\u00e4s vasemmalta.<\/p>\n<p><img loading=\"lazy\" decoding=\"async\" src=\"https:\/\/paivakumpu.net\/wp-content\/uploads\/2018\/09\/Aluetoimikunnan_vierailu.jpg\" alt=\"\" width=\"934\" height=\"502\" class=\"alignleft size-full wp-image-137\" srcset=\"https:\/\/paivakumpu.net\/wp-content\/uploads\/2018\/09\/Aluetoimikunnan_vierailu.jpg 934w, https:\/\/paivakumpu.net\/wp-content\/uploads\/2018\/09\/Aluetoimikunnan_vierailu-300x161.jpg 300w, https:\/\/paivakumpu.net\/wp-content\/uploads\/2018\/09\/Aluetoimikunnan_vierailu-768x413.jpg 768w\" sizes=\"(max-width: 934px) 100vw, 934px\" \/><\/p>\n","protected":false},"excerpt":{"rendered":"<p>Koivukyl\u00e4n Aluetoimikunta tutustui 26.9. kokouksensa yhteydess\u00e4 bussikiertoajelulla l\u00e4hiseudun nykyiseen rakennuskantaan ja tuleviin hankkeiden maavarauksiin. Kuvassa Ester Koskelaisen L\u00e4hiliikuntapuistossa jalkautuneet edustajat. Kiertok\u00e4ynti\u00e4 johtivat aluejohtaja Sakari Lyly (kolmas vas.) ja aluearkkitehti Anu Pentinmikko (viides vas.). Aluetoimikunnan puheenjohtaja Veli Heikkil\u00e4 on kuvassa seitsem\u00e4s vasemmalta.<\/p>\n","protected":false},"author":2,"featured_media":0,"parent":128,"menu_order":0,"comment_status":"closed","ping_status":"closed","template":"","meta":{"footnotes":""},"_links":{"self":[{"href":"https:\/\/paivakumpu.net\/index.php\/wp-json\/wp\/v2\/pages\/153"}],"collection":[{"href":"https:\/\/paivakumpu.net\/index.php\/wp-json\/wp\/v2\/pages"}],"about":[{"href":"https:\/\/paivakumpu.net\/index.php\/wp-json\/wp\/v2\/types\/page"}],"author":[{"embeddable":true,"href":"https:\/\/paivakumpu.net\/index.php\/wp-json\/wp\/v2\/users\/2"}],"replies":[{"embeddable":true,"href":"https:\/\/paivakumpu.net\/index.php\/wp-json\/wp\/v2\/comments?post=153"}],"version-history":[{"count":1,"href":"https:\/\/paivakumpu.net\/index.php\/wp-json\/wp\/v2\/pages\/153\/revisions"}],"predecessor-version":[{"id":154,"href":"https:\/\/paivakumpu.net\/index.php\/wp-json\/wp\/v2\/pages\/153\/revisions\/154"}],"up":[{"embeddable":true,"href":"https:\/\/paivakumpu.net\/index.php\/wp-json\/wp\/v2\/pages\/128"}],"wp:attachment":[{"href":"https:\/\/paivakumpu.net\/index.php\/wp-json\/wp\/v2\/media?parent=153"}],"curies":[{"name":"wp","href":"https:\/\/api.w.org\/{rel}","templated":true}]}}