{"id":156,"date":"2018-09-07T06:04:17","date_gmt":"2018-09-07T06:04:17","guid":{"rendered":"http:\/\/paivakumpu.net\/?page_id=156"},"modified":"2018-09-07T06:04:17","modified_gmt":"2018-09-07T06:04:17","slug":"avajaisjuhla-18-9-2005","status":"publish","type":"page","link":"https:\/\/paivakumpu.net\/index.php\/muuta\/liikuntapuisto\/avajaisjuhla-18-9-2005\/","title":{"rendered":"Avajaisjuhla 18.9.2005"},"content":{"rendered":"<p style=\"font-weight: 400;\"><strong>Vantaan P\u00e4iv\u00e4kummun kaupunginosan uuden\u00a0l\u00e4hiliikuntapuiston virallinen muodollinen avajaistilaisuus oli arkip\u00e4iv\u00e4n\u00e4 7.9., mutta yleis\u00f6\u00e4 ei t\u00e4ss\u00e4 tilaisuudessa ollut.<\/strong><\/p>\n<p style=\"font-weight: 400;\"><strong>\u00a0<\/strong><strong>Ester Koskelaisen L\u00e4hiliikuntapuiston avajaiset\u00a0p\u00e4iv\u00e4kumpulaisille\u00a0ja yleis\u00f6lle olivat sunnuntaina 18.9.05. S\u00e4\u00e4kin suosi eik\u00e4 tilaisuuden aikana satanut. Runsas n. 150 hengen\u00a0eri ik\u00e4inen\u00a0p\u00e4iv\u00e4kumpulaisyleis\u00f6\u00a0oli l\u00e4sn\u00e4 tapahtumassa. Ohjelmassa oli avauspuhe, lasten leikkimielinen\u00a0saappan\u00a0heittokilpailu palkintojenjakoineen ja leikkimielinen jalkapallopeli monitoimikent\u00e4ll\u00e4 Is\u00e4t vastaan Pojat. Lis\u00e4ksi oli liitokiekkogolfin esittely\u00e4 ja radan kiertomahdollisuus.<\/strong><\/p>\n<p style=\"font-weight: 400;\">Yhdistys tarjosi kaikille pullakahvit. Sek\u00e4 kahvitarjoilun ett\u00e4 paella- ja makkaramyynnin hoiti hienosti P\u00e4iv\u00e4kummun koulun Leirikoulutoimikunta 2006.<\/p>\n<p style=\"font-weight: 400;\">Puistossa on oleskelu- ja esiintymisalue, korotettu ja muotoiltu isojen ja pienten laskettelum\u00e4ki,\u00a0skeittialue, monitoimikentt\u00e4, toiminta- ja leikkialue, frisbee-golfrata, kuntoilupaikka, seikkailumets\u00e4 ja palloilunurmi. Aluetta tulee kiert\u00e4m\u00e4\u00e4n talvella my\u00f6s hiihtolatu.<\/p>\n<p style=\"font-weight: 400;\">Nelisen vuotta k\u00e4ynniss\u00e4 ollutta hyvin monipuolisen puiston hanketta voi pit\u00e4\u00e4\u00a0<strong>yhten\u00e4 erityisen<\/strong>\u00a0<strong>onnistuneena, jopa\u00a0esimerkillisen\u00e4<\/strong>\u00a0l\u00e4hiliikuntapuistohankkeena siksi, ett\u00e4 hankkeen k\u00e4ynnist\u00e4misest\u00e4,\u00a0vetovastuusta, osin suunnittelusta\u00a0ja rahoituksen hakemisesta sek\u00e4\u00a0opetusministeri\u00f6lt\u00e4 ett\u00e4\u00a0alueen aluetoimikunnalta\u00a0on huolehtinut asukasyhdistys eli P\u00e4iv\u00e4kummun Omakotiyhdistys ry. L\u00e4hinn\u00e4 yhdistyksen\u00a0ko. aikana toimineet hallituksen j\u00e4senet ovat tehneet hankkeeseen mittavan, satojen tuntien\u00a0talkoo- ja vapaaehtoisty\u00f6panoksen.<\/p>\n<p style=\"font-weight: 400;\">Paikkakunnalla\u00a0vaikuttaneesta Helsingin Suomalaisen Yhteiskoulun suomenkielen opettaja Ester Koskelaisesta (k. v. 1943), jonka mukaan puisto on nimetty, l\u00f6ytyy tarkempaa tietoa sek\u00e4 avauspuheesta ett\u00e4 joitakin vuosia sitten julkaistusta lehtikirjoituksesta ja muualtakin internetist\u00e4.<\/p>\n","protected":false},"excerpt":{"rendered":"<p>Vantaan P\u00e4iv\u00e4kummun kaupunginosan uuden\u00a0l\u00e4hiliikuntapuiston virallinen muodollinen avajaistilaisuus oli arkip\u00e4iv\u00e4n\u00e4 7.9., mutta yleis\u00f6\u00e4 ei t\u00e4ss\u00e4 tilaisuudessa ollut. \u00a0Ester Koskelaisen L\u00e4hiliikuntapuiston avajaiset\u00a0p\u00e4iv\u00e4kumpulaisille\u00a0ja yleis\u00f6lle olivat sunnuntaina 18.9.05. S\u00e4\u00e4kin suosi eik\u00e4 tilaisuuden aikana satanut. Runsas n. 150 hengen\u00a0eri ik\u00e4inen\u00a0p\u00e4iv\u00e4kumpulaisyleis\u00f6\u00a0oli l\u00e4sn\u00e4 tapahtumassa. Ohjelmassa oli avauspuhe, lasten leikkimielinen\u00a0saappan\u00a0heittokilpailu palkintojenjakoineen ja leikkimielinen jalkapallopeli monitoimikent\u00e4ll\u00e4 Is\u00e4t vastaan Pojat. Lis\u00e4ksi oli liitokiekkogolfin esittely\u00e4 ja &hellip; <a href=\"https:\/\/paivakumpu.net\/index.php\/muuta\/liikuntapuisto\/avajaisjuhla-18-9-2005\/\" class=\"more-link\">Jatka lukemista <span class=\"screen-reader-text\">Avajaisjuhla 18.9.2005<\/span><\/a><\/p>\n","protected":false},"author":2,"featured_media":0,"parent":128,"menu_order":0,"comment_status":"closed","ping_status":"closed","template":"","meta":{"footnotes":""},"_links":{"self":[{"href":"https:\/\/paivakumpu.net\/index.php\/wp-json\/wp\/v2\/pages\/156"}],"collection":[{"href":"https:\/\/paivakumpu.net\/index.php\/wp-json\/wp\/v2\/pages"}],"about":[{"href":"https:\/\/paivakumpu.net\/index.php\/wp-json\/wp\/v2\/types\/page"}],"author":[{"embeddable":true,"href":"https:\/\/paivakumpu.net\/index.php\/wp-json\/wp\/v2\/users\/2"}],"replies":[{"embeddable":true,"href":"https:\/\/paivakumpu.net\/index.php\/wp-json\/wp\/v2\/comments?post=156"}],"version-history":[{"count":1,"href":"https:\/\/paivakumpu.net\/index.php\/wp-json\/wp\/v2\/pages\/156\/revisions"}],"predecessor-version":[{"id":157,"href":"https:\/\/paivakumpu.net\/index.php\/wp-json\/wp\/v2\/pages\/156\/revisions\/157"}],"up":[{"embeddable":true,"href":"https:\/\/paivakumpu.net\/index.php\/wp-json\/wp\/v2\/pages\/128"}],"wp:attachment":[{"href":"https:\/\/paivakumpu.net\/index.php\/wp-json\/wp\/v2\/media?parent=156"}],"curies":[{"name":"wp","href":"https:\/\/api.w.org\/{rel}","templated":true}]}}