{"id":166,"date":"2018-09-07T06:35:41","date_gmt":"2018-09-07T06:35:41","guid":{"rendered":"http:\/\/paivakumpu.net\/?page_id=166"},"modified":"2018-09-07T06:36:12","modified_gmt":"2018-09-07T06:36:12","slug":"virallinen-avajaistilaisuus-7-9-2005","status":"publish","type":"page","link":"https:\/\/paivakumpu.net\/index.php\/muuta\/liikuntapuisto\/virallinen-avajaistilaisuus-7-9-2005\/","title":{"rendered":"Avajaistilaisuus 7.9.2005"},"content":{"rendered":"<p style=\"font-weight: 400;\">Hankkeessa mukana olleiden tahojen edustajat k\u00e4viv\u00e4t tutustumassa vastavalmistuneeseen puistoon.<\/p>\n<p style=\"font-weight: 400;\">Puheen pitiv\u00e4t omakotiyhdistyksen puheenjohtaja Seija\u00a0Puha\u00a0(3. oikealta), Vantaan kaupungin teknisentoimen johtaja Tapio\u00a0Maljonen\u00a0(2. vasemmalta)\u00a0ja Nuori Suomen kehitysjohtaja Reijo Ruokonen (3. vasemmalta). Mukana olivat my\u00f6s aluearkkitehti Hanna Keskinen (2. oikealta) sek\u00e4 ty\u00f6p\u00e4\u00e4llikk\u00f6 Bo Backman (1.oikealta).<\/p>\n<p><img loading=\"lazy\" decoding=\"async\" class=\"alignleft size-full wp-image-167\" src=\"https:\/\/paivakumpu.net\/wp-content\/uploads\/2018\/09\/Avajaistilaisuus_07092005.jpg\" alt=\"\" width=\"787\" height=\"580\" srcset=\"https:\/\/paivakumpu.net\/wp-content\/uploads\/2018\/09\/Avajaistilaisuus_07092005.jpg 787w, https:\/\/paivakumpu.net\/wp-content\/uploads\/2018\/09\/Avajaistilaisuus_07092005-300x221.jpg 300w, https:\/\/paivakumpu.net\/wp-content\/uploads\/2018\/09\/Avajaistilaisuus_07092005-768x566.jpg 768w\" sizes=\"(max-width: 787px) 100vw, 787px\" \/><\/p>\n","protected":false},"excerpt":{"rendered":"<p>Hankkeessa mukana olleiden tahojen edustajat k\u00e4viv\u00e4t tutustumassa vastavalmistuneeseen puistoon. Puheen pitiv\u00e4t omakotiyhdistyksen puheenjohtaja Seija\u00a0Puha\u00a0(3. oikealta), Vantaan kaupungin teknisentoimen johtaja Tapio\u00a0Maljonen\u00a0(2. vasemmalta)\u00a0ja Nuori Suomen kehitysjohtaja Reijo Ruokonen (3. vasemmalta). Mukana olivat my\u00f6s aluearkkitehti Hanna Keskinen (2. oikealta) sek\u00e4 ty\u00f6p\u00e4\u00e4llikk\u00f6 Bo Backman (1.oikealta).<\/p>\n","protected":false},"author":2,"featured_media":0,"parent":128,"menu_order":0,"comment_status":"closed","ping_status":"closed","template":"","meta":{"footnotes":""},"_links":{"self":[{"href":"https:\/\/paivakumpu.net\/index.php\/wp-json\/wp\/v2\/pages\/166"}],"collection":[{"href":"https:\/\/paivakumpu.net\/index.php\/wp-json\/wp\/v2\/pages"}],"about":[{"href":"https:\/\/paivakumpu.net\/index.php\/wp-json\/wp\/v2\/types\/page"}],"author":[{"embeddable":true,"href":"https:\/\/paivakumpu.net\/index.php\/wp-json\/wp\/v2\/users\/2"}],"replies":[{"embeddable":true,"href":"https:\/\/paivakumpu.net\/index.php\/wp-json\/wp\/v2\/comments?post=166"}],"version-history":[{"count":2,"href":"https:\/\/paivakumpu.net\/index.php\/wp-json\/wp\/v2\/pages\/166\/revisions"}],"predecessor-version":[{"id":170,"href":"https:\/\/paivakumpu.net\/index.php\/wp-json\/wp\/v2\/pages\/166\/revisions\/170"}],"up":[{"embeddable":true,"href":"https:\/\/paivakumpu.net\/index.php\/wp-json\/wp\/v2\/pages\/128"}],"wp:attachment":[{"href":"https:\/\/paivakumpu.net\/index.php\/wp-json\/wp\/v2\/media?parent=166"}],"curies":[{"name":"wp","href":"https:\/\/api.w.org\/{rel}","templated":true}]}}