{"id":22,"date":"2018-05-29T04:11:10","date_gmt":"2018-05-29T04:11:10","guid":{"rendered":"http:\/\/paivakumpu.net?page_id=22"},"modified":"2025-10-31T15:34:16","modified_gmt":"2025-10-31T15:34:16","slug":"julkaisut-arkisto","status":"publish","type":"page","link":"https:\/\/paivakumpu.net\/index.php\/julkaisut\/julkaisut-arkisto\/","title":{"rendered":"Historiikki, PDF-lehdet"},"content":{"rendered":"\n<h2 class=\"wp-block-heading\">Historiikki<\/h2>\n\n\n\n<!-- Luotu k\u00e4ytt\u00e4en Document Gallery. Hanki omasi t\u00e4\u00e4lt\u00e4:http:\/\/wordpress.org\/extend\/plugins\/document-gallery -->\n<div id=\"document-gallery-1\" class=\"document-gallery\" data-shortcode='{\"id\":-1,\"include\":\"\",\"exclude\":\"\",\"attachment_pg\":false,\"columns\":4,\"descriptions\":false,\"fancy\":true,\"limit\":-1,\"mime_types\":\"application,video,text,audio,image\",\"new_window\":true,\"order\":\"DESC\",\"orderby\":\"name\",\"paginate\":false,\"post_status\":\"any\",\"post_type\":\"attachment\",\"relation\":\"AND\",\"skip\":0,\"category\":\"Historiikit\"}' data-icon-width='24'>\n<div class='document-icon-row'>\n   <div class=\"document-icon\">\n      <a href=\"https:\/\/paivakumpu.net\/wp-content\/uploads\/2022\/06\/POKY-40V.pdf\" target=\"_blank\">\n         <img decoding=\"async\" src=\"https:\/\/paivakumpu.net\/wp-content\/plugins\/document-gallery\/assets\/icons\/pdf.png\" title=\"40-vuotishistoriikki\" alt=\"40-vuotishistoriikki\" data-ext=\"pdf\"\/>\n         <span class=\"title\">40-vuotishistoriikki<\/span>\n      <\/a>\n   <\/div>\n\n<\/div>\n<\/div>\n\n\n<h2 class=\"wp-block-heading\">Lehdet<\/h2>\n\n\n\n<!-- Luotu k\u00e4ytt\u00e4en Document Gallery. Hanki omasi t\u00e4\u00e4lt\u00e4:http:\/\/wordpress.org\/extend\/plugins\/document-gallery -->\n<div id=\"document-gallery-2\" class=\"document-gallery\" data-shortcode='{\"id\":-1,\"include\":\"\",\"exclude\":\"\",\"attachment_pg\":false,\"columns\":4,\"descriptions\":false,\"fancy\":true,\"limit\":-1,\"mime_types\":\"application,video,text,audio,image\",\"new_window\":true,\"order\":\"DESC\",\"orderby\":\"name\",\"paginate\":false,\"post_status\":\"any\",\"post_type\":\"attachment\",\"relation\":\"AND\",\"skip\":0,\"category\":\"Lehti\"}' data-icon-width='24'>\n<div class='document-icon-row'>\n   <div class=\"document-icon\">\n      <a href=\"https:\/\/paivakumpu.net\/wp-content\/uploads\/2025\/10\/PKYlehti2025.pdf\" target=\"_blank\">\n         <img decoding=\"async\" src=\"https:\/\/paivakumpu.net\/wp-content\/plugins\/document-gallery\/assets\/icons\/pdf.png\" title=\"2025\" alt=\"2025\" data-ext=\"pdf\"\/>\n         <span class=\"title\">2025<\/span>\n      <\/a>\n   <\/div>\n   <div class=\"document-icon\">\n      <a href=\"https:\/\/paivakumpu.net\/wp-content\/uploads\/2024\/10\/PKYlehti2024.pdf\" target=\"_blank\">\n         <img decoding=\"async\" src=\"https:\/\/paivakumpu.net\/wp-content\/plugins\/document-gallery\/assets\/icons\/pdf.png\" title=\"2024\" alt=\"2024\" data-ext=\"pdf\"\/>\n         <span class=\"title\">2024<\/span>\n      <\/a>\n   <\/div>\n   <div class=\"document-icon\">\n      <a href=\"https:\/\/paivakumpu.net\/wp-content\/uploads\/2023\/10\/PKYlehti2023.pdf\" target=\"_blank\">\n         <img decoding=\"async\" src=\"https:\/\/paivakumpu.net\/wp-content\/plugins\/document-gallery\/assets\/icons\/pdf.png\" title=\"2023\" alt=\"2023\" data-ext=\"pdf\"\/>\n         <span class=\"title\">2023<\/span>\n      <\/a>\n   <\/div>\n   <div class=\"document-icon\">\n      <a href=\"https:\/\/paivakumpu.net\/wp-content\/uploads\/2022\/11\/PKYlehti2022.pdf\" target=\"_blank\">\n         <img decoding=\"async\" src=\"https:\/\/paivakumpu.net\/wp-content\/plugins\/document-gallery\/assets\/icons\/pdf.png\" title=\"2022\" alt=\"2022\" data-ext=\"pdf\"\/>\n         <span class=\"title\">2022<\/span>\n      <\/a>\n   <\/div>\n\n<\/div>\n<div class='document-icon-row'>\n   <div class=\"document-icon\">\n      <a href=\"https:\/\/paivakumpu.net\/wp-content\/uploads\/2021\/11\/PKYlehti2021.pdf\" target=\"_blank\">\n         <img decoding=\"async\" src=\"https:\/\/paivakumpu.net\/wp-content\/plugins\/document-gallery\/assets\/icons\/pdf.png\" title=\"2021\" alt=\"2021\" data-ext=\"pdf\"\/>\n         <span class=\"title\">2021<\/span>\n      <\/a>\n   <\/div>\n   <div class=\"document-icon\">\n      <a href=\"https:\/\/paivakumpu.net\/wp-content\/uploads\/2020\/10\/PKYlehti2020.pdf\" target=\"_blank\">\n         <img decoding=\"async\" src=\"https:\/\/paivakumpu.net\/wp-content\/plugins\/document-gallery\/assets\/icons\/pdf.png\" title=\"2020\" alt=\"2020\" data-ext=\"pdf\"\/>\n         <span class=\"title\">2020<\/span>\n      <\/a>\n   <\/div>\n   <div class=\"document-icon\">\n      <a href=\"https:\/\/paivakumpu.net\/wp-content\/uploads\/2019\/11\/PKYlehti2019.pdf\" target=\"_blank\">\n         <img decoding=\"async\" src=\"https:\/\/paivakumpu.net\/wp-content\/plugins\/document-gallery\/assets\/icons\/pdf.png\" title=\"2019\" alt=\"2019\" data-ext=\"pdf\"\/>\n         <span class=\"title\">2019<\/span>\n      <\/a>\n   <\/div>\n   <div class=\"document-icon\">\n      <a href=\"https:\/\/paivakumpu.net\/wp-content\/uploads\/2018\/10\/PKYlehti2018.pdf\" target=\"_blank\">\n         <img decoding=\"async\" src=\"https:\/\/paivakumpu.net\/wp-content\/plugins\/document-gallery\/assets\/icons\/pdf.png\" title=\"2018\" alt=\"2018\" data-ext=\"pdf\"\/>\n         <span class=\"title\">2018<\/span>\n      <\/a>\n   <\/div>\n\n<\/div>\n<div class='document-icon-row'>\n   <div class=\"document-icon\">\n      <a href=\"https:\/\/paivakumpu.net\/wp-content\/uploads\/2018\/09\/PKYlehti2017.pdf\" target=\"_blank\">\n         <img decoding=\"async\" src=\"https:\/\/paivakumpu.net\/wp-content\/plugins\/document-gallery\/assets\/icons\/pdf.png\" title=\"2017\" alt=\"2017\" data-ext=\"pdf\"\/>\n         <span class=\"title\">2017<\/span>\n      <\/a>\n   <\/div>\n   <div class=\"document-icon\">\n      <a href=\"https:\/\/paivakumpu.net\/wp-content\/uploads\/2018\/09\/PKYlehti2016.pdf\" target=\"_blank\">\n         <img decoding=\"async\" src=\"https:\/\/paivakumpu.net\/wp-content\/plugins\/document-gallery\/assets\/icons\/pdf.png\" title=\"2016\" alt=\"2016\" data-ext=\"pdf\"\/>\n         <span class=\"title\">2016<\/span>\n      <\/a>\n   <\/div>\n   <div class=\"document-icon\">\n      <a href=\"https:\/\/paivakumpu.net\/wp-content\/uploads\/2018\/09\/PKYlehti2015.pdf\" target=\"_blank\">\n         <img decoding=\"async\" src=\"https:\/\/paivakumpu.net\/wp-content\/plugins\/document-gallery\/assets\/icons\/pdf.png\" title=\"2015\" alt=\"2015\" data-ext=\"pdf\"\/>\n         <span class=\"title\">2015<\/span>\n      <\/a>\n   <\/div>\n   <div class=\"document-icon\">\n      <a href=\"https:\/\/paivakumpu.net\/wp-content\/uploads\/2018\/09\/PKYlehti2014.pdf\" target=\"_blank\">\n         <img decoding=\"async\" src=\"https:\/\/paivakumpu.net\/wp-content\/plugins\/document-gallery\/assets\/icons\/pdf.png\" title=\"2014\" alt=\"2014\" data-ext=\"pdf\"\/>\n         <span class=\"title\">2014<\/span>\n      <\/a>\n   <\/div>\n\n<\/div>\n<div class='document-icon-row'>\n   <div class=\"document-icon\">\n      <a href=\"https:\/\/paivakumpu.net\/wp-content\/uploads\/2018\/09\/PKYlehti2013.pdf\" target=\"_blank\">\n         <img decoding=\"async\" src=\"https:\/\/paivakumpu.net\/wp-content\/plugins\/document-gallery\/assets\/icons\/pdf.png\" title=\"2013\" alt=\"2013\" data-ext=\"pdf\"\/>\n         <span class=\"title\">2013<\/span>\n      <\/a>\n   <\/div>\n   <div class=\"document-icon\">\n      <a href=\"https:\/\/paivakumpu.net\/wp-content\/uploads\/2018\/09\/PKYlehti2012.pdf\" target=\"_blank\">\n         <img decoding=\"async\" src=\"https:\/\/paivakumpu.net\/wp-content\/plugins\/document-gallery\/assets\/icons\/pdf.png\" title=\"2012\" alt=\"2012\" data-ext=\"pdf\"\/>\n         <span class=\"title\">2012<\/span>\n      <\/a>\n   <\/div>\n   <div class=\"document-icon\">\n      <a href=\"https:\/\/paivakumpu.net\/wp-content\/uploads\/2018\/09\/PKYlehti2011.pdf\" target=\"_blank\">\n         <img decoding=\"async\" src=\"https:\/\/paivakumpu.net\/wp-content\/plugins\/document-gallery\/assets\/icons\/pdf.png\" title=\"2011\" alt=\"2011\" data-ext=\"pdf\"\/>\n         <span class=\"title\">2011<\/span>\n      <\/a>\n   <\/div>\n   <div class=\"document-icon\">\n      <a href=\"https:\/\/paivakumpu.net\/wp-content\/uploads\/2018\/09\/PKYlehti2010.pdf\" target=\"_blank\">\n         <img decoding=\"async\" src=\"https:\/\/paivakumpu.net\/wp-content\/plugins\/document-gallery\/assets\/icons\/pdf.png\" title=\"2010\" alt=\"2010\" data-ext=\"pdf\"\/>\n         <span class=\"title\">2010<\/span>\n      <\/a>\n   <\/div>\n\n<\/div>\n<div class='document-icon-row'>\n   <div class=\"document-icon\">\n      <a href=\"https:\/\/paivakumpu.net\/wp-content\/uploads\/2018\/09\/PKYlehti2009.pdf\" target=\"_blank\">\n         <img decoding=\"async\" src=\"https:\/\/paivakumpu.net\/wp-content\/plugins\/document-gallery\/assets\/icons\/pdf.png\" title=\"2009\" alt=\"2009\" data-ext=\"pdf\"\/>\n         <span class=\"title\">2009<\/span>\n      <\/a>\n   <\/div>\n   <div class=\"document-icon\">\n      <a href=\"https:\/\/paivakumpu.net\/wp-content\/uploads\/2018\/09\/PKYlehti2008.pdf\" target=\"_blank\">\n         <img decoding=\"async\" src=\"https:\/\/paivakumpu.net\/wp-content\/plugins\/document-gallery\/assets\/icons\/pdf.png\" title=\"2008\" alt=\"2008\" data-ext=\"pdf\"\/>\n         <span class=\"title\">2008<\/span>\n      <\/a>\n   <\/div>\n\n<\/div>\n<\/div>","protected":false},"excerpt":{"rendered":"<p>Historiikki Lehdet<\/p>\n","protected":false},"author":2,"featured_media":0,"parent":678,"menu_order":1,"comment_status":"closed","ping_status":"closed","template":"","meta":{"footnotes":""},"_links":{"self":[{"href":"https:\/\/paivakumpu.net\/index.php\/wp-json\/wp\/v2\/pages\/22"}],"collection":[{"href":"https:\/\/paivakumpu.net\/index.php\/wp-json\/wp\/v2\/pages"}],"about":[{"href":"https:\/\/paivakumpu.net\/index.php\/wp-json\/wp\/v2\/types\/page"}],"author":[{"embeddable":true,"href":"https:\/\/paivakumpu.net\/index.php\/wp-json\/wp\/v2\/users\/2"}],"replies":[{"embeddable":true,"href":"https:\/\/paivakumpu.net\/index.php\/wp-json\/wp\/v2\/comments?post=22"}],"version-history":[{"count":20,"href":"https:\/\/paivakumpu.net\/index.php\/wp-json\/wp\/v2\/pages\/22\/revisions"}],"predecessor-version":[{"id":688,"href":"https:\/\/paivakumpu.net\/index.php\/wp-json\/wp\/v2\/pages\/22\/revisions\/688"}],"up":[{"embeddable":true,"href":"https:\/\/paivakumpu.net\/index.php\/wp-json\/wp\/v2\/pages\/678"}],"wp:attachment":[{"href":"https:\/\/paivakumpu.net\/index.php\/wp-json\/wp\/v2\/media?parent=22"}],"curies":[{"name":"wp","href":"https:\/\/api.w.org\/{rel}","templated":true}]}}