{"id":33,"date":"2018-05-29T04:21:10","date_gmt":"2018-05-29T04:21:10","guid":{"rendered":"http:\/\/paivakumpu.net?page_id=33"},"modified":"2026-01-24T14:58:23","modified_gmt":"2026-01-24T14:58:23","slug":"hallitus","status":"publish","type":"page","link":"https:\/\/paivakumpu.net\/index.php\/hallitus\/","title":{"rendered":"Hallitus v. 2026"},"content":{"rendered":"<table width=\"80%\">\n<tbody>\n<tr>\n<td><strong>Tuomo Mickelsson<\/strong>, puheenjohtaja<\/td>\n<td><\/td>\n<td>p. 040 041 3401<\/td>\n<td>Tuomo.Mickelsson (at) iki.fi<\/td>\n<\/tr>\n<tr>\n<td><strong>Heini Pertta<\/strong>, varapuheenjohtaja<\/td>\n<td><\/td>\n<td><\/td>\n<td><\/td>\n<\/tr>\n<tr>\n<td><strong>Jari Ahokas<\/strong><\/td>\n<td><\/td>\n<td>p. 050 567 0200<\/td>\n<td>Jari (at) jariahokas.fi<\/td>\n<\/tr>\n<tr>\n<td><strong>Veijo Jaaranen<\/strong><\/td>\n<td><\/td>\n<td><\/td>\n<td><\/td>\n<\/tr>\n<tr>\n<td><strong>Juha Sorvala<\/strong><\/td>\n<td><\/td>\n<td><\/td>\n<td><\/td>\n<\/tr>\n<tr>\n<td><strong>P\u00e4ivi Isotalo<\/strong><\/td>\n<td><\/td>\n<td><\/td>\n<td><\/td>\n<\/tr>\n<tr>\n<td><strong>Mika Salmi<\/strong><\/td>\n<td><\/td>\n<td><\/td>\n<td><\/td>\n<\/tr>\n<tr>\n<td><strong>Osmo K\u00e4hk\u00f6nen<\/strong><\/td>\n<td><\/td>\n<td><\/td>\n<td><\/td>\n<\/tr>\n<tr>\n<td><strong>Emil Moisala<\/strong><\/td>\n<td><\/td>\n<td><\/td>\n<td><\/td>\n<\/tr>\n<tr>\n<td><strong>Tuula Haavasoja<\/strong><\/td>\n<td><\/td>\n<td><\/td>\n<td><\/td>\n<\/tr>\n<tr>\n<td><strong>Eero Alhlstr\u00f6m<\/strong><\/td>\n<td><\/td>\n<td><\/td>\n<td><\/td>\n<\/tr>\n<\/tbody>\n<\/table>\n","protected":false},"excerpt":{"rendered":"<p>Tuomo Mickelsson, puheenjohtaja p. 040 041 3401 Tuomo.Mickelsson (at) iki.fi Heini Pertta, varapuheenjohtaja Jari Ahokas p. 050 567 0200 Jari (at) jariahokas.fi Veijo Jaaranen Juha Sorvala P\u00e4ivi Isotalo Mika Salmi Osmo K\u00e4hk\u00f6nen Emil Moisala Tuula Haavasoja Eero Alhlstr\u00f6m<\/p>\n","protected":false},"author":2,"featured_media":0,"parent":0,"menu_order":0,"comment_status":"closed","ping_status":"closed","template":"templates\/full-width-page.php","meta":{"footnotes":""},"_links":{"self":[{"href":"https:\/\/paivakumpu.net\/index.php\/wp-json\/wp\/v2\/pages\/33"}],"collection":[{"href":"https:\/\/paivakumpu.net\/index.php\/wp-json\/wp\/v2\/pages"}],"about":[{"href":"https:\/\/paivakumpu.net\/index.php\/wp-json\/wp\/v2\/types\/page"}],"author":[{"embeddable":true,"href":"https:\/\/paivakumpu.net\/index.php\/wp-json\/wp\/v2\/users\/2"}],"replies":[{"embeddable":true,"href":"https:\/\/paivakumpu.net\/index.php\/wp-json\/wp\/v2\/comments?post=33"}],"version-history":[{"count":14,"href":"https:\/\/paivakumpu.net\/index.php\/wp-json\/wp\/v2\/pages\/33\/revisions"}],"predecessor-version":[{"id":703,"href":"https:\/\/paivakumpu.net\/index.php\/wp-json\/wp\/v2\/pages\/33\/revisions\/703"}],"wp:attachment":[{"href":"https:\/\/paivakumpu.net\/index.php\/wp-json\/wp\/v2\/media?parent=33"}],"curies":[{"name":"wp","href":"https:\/\/api.w.org\/{rel}","templated":true}]}}