{"id":547,"date":"2025-10-26T08:53:46","date_gmt":"2025-10-26T08:53:46","guid":{"rendered":"https:\/\/paivakumpu.net\/?page_id=547"},"modified":"2025-10-26T14:03:33","modified_gmt":"2025-10-26T14:03:33","slug":"paivispaiva-paivista-parhain","status":"publish","type":"page","link":"https:\/\/paivakumpu.net\/index.php\/julkaisut\/verkkolehdet\/2025-2\/paivispaiva-paivista-parhain\/","title":{"rendered":"P\u00e4ivisp\u00e4iv\u00e4, p\u00e4ivist\u00e4 parhain"},"content":{"rendered":"\n<details class=\"wp-block-details is-layout-flow wp-block-details-is-layout-flow\"><summary>Lehti 2025<\/summary>\n<p style=\"padding-top:var(--wp--preset--spacing--20)\"><a href=\"https:\/\/paivakumpu.net\/index.php\/julkaisut\/verkkolehdet\/2025-2\/\" data-type=\"page\" data-id=\"496\">Etusivu<\/a><\/p>\n\n\n<ul class=\"wp-block-page-list\"><li class=\"wp-block-pages-list__item\"><a class=\"wp-block-pages-list__item__link\" href=\"https:\/\/paivakumpu.net\/index.php\/julkaisut\/verkkolehdet\/2025-2\/puheenjohtajan-terveiset\/\">Puheenjohtajan Terveiset<\/a><\/li><li class=\"wp-block-pages-list__item\"><a class=\"wp-block-pages-list__item__link\" href=\"https:\/\/paivakumpu.net\/index.php\/julkaisut\/verkkolehdet\/2025-2\/paivispaiva-paivista-parhain\/\">P\u00e4ivisp\u00e4iv\u00e4, p\u00e4ivist\u00e4 parhain<\/a><\/li><li class=\"wp-block-pages-list__item\"><a class=\"wp-block-pages-list__item__link\" href=\"https:\/\/paivakumpu.net\/index.php\/julkaisut\/verkkolehdet\/2025-2\/omakotiliiton-tulevat-webinaarit\/\">Omakotiliiton tulevat webinaarit<\/a><\/li><li class=\"wp-block-pages-list__item\"><a class=\"wp-block-pages-list__item__link\" href=\"https:\/\/paivakumpu.net\/index.php\/julkaisut\/verkkolehdet\/2025-2\/paivakumpulaiset-harrastavat-taekwondo\/\">P\u00e4iv\u00e4kumpulaiset harrastavat &#8211; TAEKWONDO<\/a><\/li><li class=\"wp-block-pages-list__item\"><a class=\"wp-block-pages-list__item__link\" href=\"https:\/\/paivakumpu.net\/index.php\/julkaisut\/verkkolehdet\/2025-2\/asemakaavamuutos-002558-paivakummun-pientalotontit-ja-virkistysalue\/\">Asemakaavamuutos &#8211; 002558 P\u00e4iv\u00e4kummun pientalotontit ja virkistysalue<\/a><\/li><li class=\"wp-block-pages-list__item\"><a class=\"wp-block-pages-list__item__link\" href=\"https:\/\/paivakumpu.net\/index.php\/julkaisut\/verkkolehdet\/2025-2\/tienvarsia-siistiksi-talkoovoimin\/\">Tienvarsia siistiksi talkoovoimin<\/a><\/li><li class=\"wp-block-pages-list__item\"><a class=\"wp-block-pages-list__item__link\" href=\"https:\/\/paivakumpu.net\/index.php\/julkaisut\/verkkolehdet\/2025-2\/makumatka-fazerilaan\/\">Makumatka Fazerilaan<\/a><\/li><\/ul><\/details>\n\n\n\n<h5 class=\"wp-block-heading has-text-align-left\">Kev\u00e4\u00e4n varma merkki on P\u00e4ivisp\u00e4iv\u00e4, jota vietet\u00e4\u00e4n vuosittain P\u00e4iv\u00e4kummun koululla.<\/h5>\n\n\n\n<figure class=\"wp-block-image size-large\"><img loading=\"lazy\" decoding=\"async\" width=\"1024\" height=\"473\" src=\"https:\/\/paivakumpu.net\/wp-content\/uploads\/2025\/10\/WhatsApp-Image-2025-05-17-at-09.49.45-1024x473.jpeg\" alt=\"\" class=\"wp-image-552\" srcset=\"https:\/\/paivakumpu.net\/wp-content\/uploads\/2025\/10\/WhatsApp-Image-2025-05-17-at-09.49.45-1024x473.jpeg 1024w, https:\/\/paivakumpu.net\/wp-content\/uploads\/2025\/10\/WhatsApp-Image-2025-05-17-at-09.49.45-300x139.jpeg 300w, https:\/\/paivakumpu.net\/wp-content\/uploads\/2025\/10\/WhatsApp-Image-2025-05-17-at-09.49.45-768x355.jpeg 768w, https:\/\/paivakumpu.net\/wp-content\/uploads\/2025\/10\/WhatsApp-Image-2025-05-17-at-09.49.45-1536x710.jpeg 1536w, https:\/\/paivakumpu.net\/wp-content\/uploads\/2025\/10\/WhatsApp-Image-2025-05-17-at-09.49.45.jpeg 2000w\" sizes=\"(max-width: 1024px) 100vw, 1024px\" \/><figcaption class=\"wp-element-caption\">P\u00e4ivi Isotalo ja Jari Ahokas edustamassa<\/figcaption><\/figure>\n\n\n\n<p>Piha-alue t\u00e4yttyi taas koululaisista, vanhemmista ja erilaisista tapahtuma- ja myyntipisteist\u00e4. Koulun vanhempainyhdistys orkesteroi tapahtumaa, ja yhteisty\u00f6ss\u00e4 oli mukana niin koulu kuin iso joukko paikallisia toimijoita.<\/p>\n\n\n\n<p>Omakotiyhdistyksen esittelypiste keskittyi t\u00e4n\u00e4 vuonna kertomaan yhdistyksen ja <a href=\"https:\/\/www.omakotiliitto.fi\/\" data-type=\"link\" data-id=\"https:\/\/www.omakotiliitto.fi\/\">Omakotiliiton<\/a> eduista.<\/p>\n\n\n\n<p>Vanhempien kanssa k\u00e4ytiin hyvi\u00e4 keskusteluja P\u00e4iv\u00e4kummun alueen turvallisuudesta ja kehitt\u00e4misest\u00e4 sek\u00e4 j\u00e4senetujen helposta hy\u00f6dynt\u00e4misest\u00e4. Pient\u00e4 j\u00e4senmaksua vastaan voi saada isoja etuja. Perheen pienemmille tarjottiin suu makeaksi.<\/p>\n\n\n\n<p>Yhdistyksen nettisivujen kautta on helppo seurata yhdistyksen edunvalvontaa ja tapahtumia. Kannattaa my\u00f6s liitty\u00e4 <a href=\"https:\/\/paivakumpu.net\/index.php\/postituslistallemme-liittyminen\/\" data-type=\"link\" data-id=\"https:\/\/paivakumpu.net\/index.php\/postituslistallemme-liittyminen\/\">postituslistalle<\/a> niin uutiset tulevat suoraan s\u00e4hk\u00f6postiin.<\/p>\n\n\n\n<p><br><strong>Tuula Haavasoja<\/strong><\/p>\n","protected":false},"excerpt":{"rendered":"<p>Kev\u00e4\u00e4n varma merkki on P\u00e4ivisp\u00e4iv\u00e4, jota vietet\u00e4\u00e4n vuosittain P\u00e4iv\u00e4kummun koululla. Piha-alue t\u00e4yttyi taas koululaisista, vanhemmista ja erilaisista tapahtuma- ja myyntipisteist\u00e4. Koulun vanhempainyhdistys orkesteroi tapahtumaa, ja yhteisty\u00f6ss\u00e4 oli mukana niin koulu kuin iso joukko paikallisia toimijoita. Omakotiyhdistyksen esittelypiste keskittyi t\u00e4n\u00e4 vuonna kertomaan yhdistyksen ja Omakotiliiton eduista. Vanhempien kanssa k\u00e4ytiin hyvi\u00e4 keskusteluja P\u00e4iv\u00e4kummun alueen turvallisuudesta ja kehitt\u00e4misest\u00e4 &hellip; <a href=\"https:\/\/paivakumpu.net\/index.php\/julkaisut\/verkkolehdet\/2025-2\/paivispaiva-paivista-parhain\/\" class=\"more-link\">Jatka lukemista <span class=\"screen-reader-text\">P\u00e4ivisp\u00e4iv\u00e4, p\u00e4ivist\u00e4 parhain<\/span><\/a><\/p>\n","protected":false},"author":2,"featured_media":0,"parent":496,"menu_order":1,"comment_status":"closed","ping_status":"closed","template":"templates\/full-width-page.php","meta":{"footnotes":""},"_links":{"self":[{"href":"https:\/\/paivakumpu.net\/index.php\/wp-json\/wp\/v2\/pages\/547"}],"collection":[{"href":"https:\/\/paivakumpu.net\/index.php\/wp-json\/wp\/v2\/pages"}],"about":[{"href":"https:\/\/paivakumpu.net\/index.php\/wp-json\/wp\/v2\/types\/page"}],"author":[{"embeddable":true,"href":"https:\/\/paivakumpu.net\/index.php\/wp-json\/wp\/v2\/users\/2"}],"replies":[{"embeddable":true,"href":"https:\/\/paivakumpu.net\/index.php\/wp-json\/wp\/v2\/comments?post=547"}],"version-history":[{"count":7,"href":"https:\/\/paivakumpu.net\/index.php\/wp-json\/wp\/v2\/pages\/547\/revisions"}],"predecessor-version":[{"id":671,"href":"https:\/\/paivakumpu.net\/index.php\/wp-json\/wp\/v2\/pages\/547\/revisions\/671"}],"up":[{"embeddable":true,"href":"https:\/\/paivakumpu.net\/index.php\/wp-json\/wp\/v2\/pages\/496"}],"wp:attachment":[{"href":"https:\/\/paivakumpu.net\/index.php\/wp-json\/wp\/v2\/media?parent=547"}],"curies":[{"name":"wp","href":"https:\/\/api.w.org\/{rel}","templated":true}]}}