{"id":556,"date":"2025-10-26T09:29:27","date_gmt":"2025-10-26T09:29:27","guid":{"rendered":"https:\/\/paivakumpu.net\/?page_id=556"},"modified":"2025-10-26T10:47:06","modified_gmt":"2025-10-26T10:47:06","slug":"omakotiliiton-tulevat-webinaarit","status":"publish","type":"page","link":"https:\/\/paivakumpu.net\/index.php\/julkaisut\/verkkolehdet\/2025-2\/omakotiliiton-tulevat-webinaarit\/","title":{"rendered":"Omakotiliiton tulevat webinaarit"},"content":{"rendered":"\n<details class=\"wp-block-details is-layout-flow wp-block-details-is-layout-flow\"><summary>Lehti 2025<\/summary>\n<p style=\"padding-top:var(--wp--preset--spacing--20)\"><a href=\"https:\/\/paivakumpu.net\/index.php\/julkaisut\/verkkolehdet\/2025-2\/\" data-type=\"page\" data-id=\"496\">Etusivu<\/a><\/p>\n\n\n<ul class=\"wp-block-page-list\"><li class=\"wp-block-pages-list__item\"><a class=\"wp-block-pages-list__item__link\" href=\"https:\/\/paivakumpu.net\/index.php\/julkaisut\/verkkolehdet\/2025-2\/puheenjohtajan-terveiset\/\">Puheenjohtajan Terveiset<\/a><\/li><li class=\"wp-block-pages-list__item\"><a class=\"wp-block-pages-list__item__link\" href=\"https:\/\/paivakumpu.net\/index.php\/julkaisut\/verkkolehdet\/2025-2\/paivispaiva-paivista-parhain\/\">P\u00e4ivisp\u00e4iv\u00e4, p\u00e4ivist\u00e4 parhain<\/a><\/li><li class=\"wp-block-pages-list__item\"><a class=\"wp-block-pages-list__item__link\" href=\"https:\/\/paivakumpu.net\/index.php\/julkaisut\/verkkolehdet\/2025-2\/omakotiliiton-tulevat-webinaarit\/\">Omakotiliiton tulevat webinaarit<\/a><\/li><li class=\"wp-block-pages-list__item\"><a class=\"wp-block-pages-list__item__link\" href=\"https:\/\/paivakumpu.net\/index.php\/julkaisut\/verkkolehdet\/2025-2\/paivakumpulaiset-harrastavat-taekwondo\/\">P\u00e4iv\u00e4kumpulaiset harrastavat &#8211; TAEKWONDO<\/a><\/li><li class=\"wp-block-pages-list__item\"><a class=\"wp-block-pages-list__item__link\" href=\"https:\/\/paivakumpu.net\/index.php\/julkaisut\/verkkolehdet\/2025-2\/asemakaavamuutos-002558-paivakummun-pientalotontit-ja-virkistysalue\/\">Asemakaavamuutos &#8211; 002558 P\u00e4iv\u00e4kummun pientalotontit ja virkistysalue<\/a><\/li><li class=\"wp-block-pages-list__item\"><a class=\"wp-block-pages-list__item__link\" href=\"https:\/\/paivakumpu.net\/index.php\/julkaisut\/verkkolehdet\/2025-2\/tienvarsia-siistiksi-talkoovoimin\/\">Tienvarsia siistiksi talkoovoimin<\/a><\/li><li class=\"wp-block-pages-list__item\"><a class=\"wp-block-pages-list__item__link\" href=\"https:\/\/paivakumpu.net\/index.php\/julkaisut\/verkkolehdet\/2025-2\/makumatka-fazerilaan\/\">Makumatka Fazerilaan<\/a><\/li><\/ul><\/details>\n\n\n\n<h5 class=\"wp-block-heading\">Omakotiliiton j\u00e4senyhdistysten j\u00e4senille on tarjolla useita kiinnostavia webinaareja syksy ja talven aikana. Ilmoittaudu mukaan!<\/h5>\n\n\n\n<h4 class=\"wp-block-heading\">11.11.2025 klo 17:00 &#8211; 18:00 Asukkaan vastuusta taloyhti\u00f6n vastuuseen &#8211; Palovaroitinvastuun muutos 2026<\/h4>\n\n\n\n<p>Pelastuslain muutos siirt\u00e4\u00e4 paristok\u00e4ytt\u00f6isten palovaroittimien huolto- ja hankintavastuun asukkailta taloyhti\u00f6lle viimeist\u00e4\u00e4n vuoden 2026 alusta alkaen. Webinaarissa kerromme miten taloyhti\u00f6t voivat valmistautua muutokseen.<\/p>\n\n\n\n<h4 class=\"wp-block-heading\">12.11.2025 klo 17:00 &#8211; 18:30 Perint\u00f6- ja edunvalvontavaltuutusilta<\/h4>\n\n\n\n<p>Miten varautua terveydentilan muutoksiin edunvalvontavaltakirjan avulla sek\u00e4 perinn\u00f6n jakamiseen ja perint\u00f6verotukseen testamentin avulla?<\/p>\n\n\n\n<h4 class=\"wp-block-heading\">13.11.2025 klo 17:00 &#8211; 18:00 Asunto-osakeyhti\u00f6n hallituksen j\u00e4senen vastuu<\/h4>\n\n\n\n<p>Webinaarissa kuulet mitk\u00e4 ovat hallituksen j\u00e4senen vastuut, valta ja velvoitteet.<\/p>\n\n\n\n<p>Ilmoittaudu webinaareihin! <a href=\"https:\/\/www.omakotiliitto.fi\/tapahtumat\">www.omakotiliitto.fi\/tapahtumat<\/a><\/p>\n","protected":false},"excerpt":{"rendered":"<p>Omakotiliiton j\u00e4senyhdistysten j\u00e4senille on tarjolla useita kiinnostavia webinaareja syksy ja talven aikana. Ilmoittaudu mukaan! 11.11.2025 klo 17:00 &#8211; 18:00 Asukkaan vastuusta taloyhti\u00f6n vastuuseen &#8211; Palovaroitinvastuun muutos 2026 Pelastuslain muutos siirt\u00e4\u00e4 paristok\u00e4ytt\u00f6isten palovaroittimien huolto- ja hankintavastuun asukkailta taloyhti\u00f6lle viimeist\u00e4\u00e4n vuoden 2026 alusta alkaen. Webinaarissa kerromme miten taloyhti\u00f6t voivat valmistautua muutokseen. 12.11.2025 klo 17:00 &#8211; 18:30 Perint\u00f6- &hellip; <a href=\"https:\/\/paivakumpu.net\/index.php\/julkaisut\/verkkolehdet\/2025-2\/omakotiliiton-tulevat-webinaarit\/\" class=\"more-link\">Jatka lukemista <span class=\"screen-reader-text\">Omakotiliiton tulevat webinaarit<\/span><\/a><\/p>\n","protected":false},"author":2,"featured_media":0,"parent":496,"menu_order":2,"comment_status":"closed","ping_status":"closed","template":"","meta":{"footnotes":""},"_links":{"self":[{"href":"https:\/\/paivakumpu.net\/index.php\/wp-json\/wp\/v2\/pages\/556"}],"collection":[{"href":"https:\/\/paivakumpu.net\/index.php\/wp-json\/wp\/v2\/pages"}],"about":[{"href":"https:\/\/paivakumpu.net\/index.php\/wp-json\/wp\/v2\/types\/page"}],"author":[{"embeddable":true,"href":"https:\/\/paivakumpu.net\/index.php\/wp-json\/wp\/v2\/users\/2"}],"replies":[{"embeddable":true,"href":"https:\/\/paivakumpu.net\/index.php\/wp-json\/wp\/v2\/comments?post=556"}],"version-history":[{"count":5,"href":"https:\/\/paivakumpu.net\/index.php\/wp-json\/wp\/v2\/pages\/556\/revisions"}],"predecessor-version":[{"id":611,"href":"https:\/\/paivakumpu.net\/index.php\/wp-json\/wp\/v2\/pages\/556\/revisions\/611"}],"up":[{"embeddable":true,"href":"https:\/\/paivakumpu.net\/index.php\/wp-json\/wp\/v2\/pages\/496"}],"wp:attachment":[{"href":"https:\/\/paivakumpu.net\/index.php\/wp-json\/wp\/v2\/media?parent=556"}],"curies":[{"name":"wp","href":"https:\/\/api.w.org\/{rel}","templated":true}]}}