{"id":614,"date":"2025-10-26T11:07:48","date_gmt":"2025-10-26T11:07:48","guid":{"rendered":"https:\/\/paivakumpu.net\/?page_id=614"},"modified":"2025-10-26T13:44:25","modified_gmt":"2025-10-26T13:44:25","slug":"asemakaavamuutos-002558-paivakummun-pientalotontit-ja-virkistysalue","status":"publish","type":"page","link":"https:\/\/paivakumpu.net\/index.php\/julkaisut\/verkkolehdet\/2025-2\/asemakaavamuutos-002558-paivakummun-pientalotontit-ja-virkistysalue\/","title":{"rendered":"Asemakaavamuutos &#8211; 002558 P\u00e4iv\u00e4kummun pientalotontit ja virkistysalue"},"content":{"rendered":"\n<details class=\"wp-block-details is-layout-flow wp-block-details-is-layout-flow\"><summary>Lehti 2025<\/summary>\n<p style=\"padding-top:var(--wp--preset--spacing--20)\"><a href=\"https:\/\/paivakumpu.net\/index.php\/julkaisut\/verkkolehdet\/2025-2\/\" data-type=\"page\" data-id=\"496\">Etusivu<\/a><\/p>\n\n\n<ul class=\"wp-block-page-list\"><li class=\"wp-block-pages-list__item\"><a class=\"wp-block-pages-list__item__link\" href=\"https:\/\/paivakumpu.net\/index.php\/julkaisut\/verkkolehdet\/2025-2\/puheenjohtajan-terveiset\/\">Puheenjohtajan Terveiset<\/a><\/li><li class=\"wp-block-pages-list__item\"><a class=\"wp-block-pages-list__item__link\" href=\"https:\/\/paivakumpu.net\/index.php\/julkaisut\/verkkolehdet\/2025-2\/paivispaiva-paivista-parhain\/\">P\u00e4ivisp\u00e4iv\u00e4, p\u00e4ivist\u00e4 parhain<\/a><\/li><li class=\"wp-block-pages-list__item\"><a class=\"wp-block-pages-list__item__link\" href=\"https:\/\/paivakumpu.net\/index.php\/julkaisut\/verkkolehdet\/2025-2\/omakotiliiton-tulevat-webinaarit\/\">Omakotiliiton tulevat webinaarit<\/a><\/li><li class=\"wp-block-pages-list__item\"><a class=\"wp-block-pages-list__item__link\" href=\"https:\/\/paivakumpu.net\/index.php\/julkaisut\/verkkolehdet\/2025-2\/paivakumpulaiset-harrastavat-taekwondo\/\">P\u00e4iv\u00e4kumpulaiset harrastavat &#8211; TAEKWONDO<\/a><\/li><li class=\"wp-block-pages-list__item\"><a class=\"wp-block-pages-list__item__link\" href=\"https:\/\/paivakumpu.net\/index.php\/julkaisut\/verkkolehdet\/2025-2\/asemakaavamuutos-002558-paivakummun-pientalotontit-ja-virkistysalue\/\">Asemakaavamuutos &#8211; 002558 P\u00e4iv\u00e4kummun pientalotontit ja virkistysalue<\/a><\/li><li class=\"wp-block-pages-list__item\"><a class=\"wp-block-pages-list__item__link\" href=\"https:\/\/paivakumpu.net\/index.php\/julkaisut\/verkkolehdet\/2025-2\/tienvarsia-siistiksi-talkoovoimin\/\">Tienvarsia siistiksi talkoovoimin<\/a><\/li><li class=\"wp-block-pages-list__item\"><a class=\"wp-block-pages-list__item__link\" href=\"https:\/\/paivakumpu.net\/index.php\/julkaisut\/verkkolehdet\/2025-2\/makumatka-fazerilaan\/\">Makumatka Fazerilaan<\/a><\/li><\/ul><\/details>\n\n\n\n<h5 class=\"wp-block-heading\">Ohessa tiivistelm\u00e4 kaupunkiymp\u00e4rist\u00f6laitakunnan kokouksessa 21.10. 2025 k\u00e4sitellyst\u00e4 esityksest\u00e4. Esitys j\u00e4tettiin p\u00f6yd\u00e4lle.<\/h5>\n\n\n\n<h4 class=\"wp-block-heading\">Tausta ja tavoitteet<\/h4>\n\n\n\n<p>Vantaan kaupungin kaupunkisuunnittelu on k\u00e4ynnist\u00e4nyt asemakaavamuutoksen nro 002558 P\u00e4iv\u00e4kummun kaupunginosassa. Kaavamuutoksen tavoitteena on mahdollistaa pientaloasumisen lis\u00e4\u00e4minen alueella sek\u00e4 turvata l\u00e4hiymp\u00e4rist\u00f6n virkistys- ja luontoarvot. Suunnittelualueen kokonaispinta-ala on noin 22 hehtaaria, josta suurin osa osoitetaan l\u00e4hivirkistysalueeksi (VG) ja noin 5 hehtaaria pientalovaltaiseksi asuinalueeksi. Kaavamuutos toteuttaa kaupungin strategisia tavoitteita asuntotarjonnan monipuolistamisesta sek\u00e4 pientaloasumisen edist\u00e4misest\u00e4 yhdyskuntarakenteen sis\u00e4ll\u00e4.<\/p>\n\n\n\n<figure class=\"wp-block-image size-large\"><img loading=\"lazy\" decoding=\"async\" width=\"1008\" height=\"1446\" src=\"https:\/\/paivakumpu.net\/wp-content\/uploads\/2025\/10\/WhatsApp-Image-2025-10-24-at-10.54.48-1-edited-1.jpeg\" alt=\"\" class=\"wp-image-666\" srcset=\"https:\/\/paivakumpu.net\/wp-content\/uploads\/2025\/10\/WhatsApp-Image-2025-10-24-at-10.54.48-1-edited-1.jpeg 1008w, https:\/\/paivakumpu.net\/wp-content\/uploads\/2025\/10\/WhatsApp-Image-2025-10-24-at-10.54.48-1-edited-1-209x300.jpeg 209w, https:\/\/paivakumpu.net\/wp-content\/uploads\/2025\/10\/WhatsApp-Image-2025-10-24-at-10.54.48-1-edited-1-714x1024.jpeg 714w, https:\/\/paivakumpu.net\/wp-content\/uploads\/2025\/10\/WhatsApp-Image-2025-10-24-at-10.54.48-1-edited-1-768x1102.jpeg 768w\" sizes=\"(max-width: 1008px) 100vw, 1008px\" \/><\/figure>\n\n\n\n<h4 class=\"wp-block-heading\">Kaavaratkaisun sis\u00e4lt\u00f6<\/h4>\n\n\n\n<p>Asemakaavassa muutetaan osia nykyisist\u00e4 yleisten rakennusten (Y), seurakunnallisten rakennusten (YK) ja l\u00e4hivirkistysalueen (VL) korttelialueista erillispientalojen (AO) ja asuinpientalojen (AP) korttelialueiksi.<\/p>\n\n\n\n<p>Kaava mahdollistaa yhteens\u00e4:<\/p>\n\n\n\n<ul>\n<li>29 erillispientalotonttia (AO)<\/li>\n\n\n\n<li>2 asuinpientalotonttia (AP)<\/li>\n<\/ul>\n\n\n\n<p>Rakennusoikeutta osoitetaan yhteens\u00e4 6 413 k-m\u00b2, ja kortteleiden tehokkuusluvuksi m\u00e4\u00e4ritell\u00e4\u00e4n e = 0,25. Asuinrakentamisen ohella kaava vahvistaa alueen viherrakennetta ja virkistysyhteyksi\u00e4. L\u00e4hivirkistysalueet ja jokivarren luonnonalueet muodostavat viheryhteyden, joka jatkuu ymp\u00e4r\u00f6iviin alueisiin.<\/p>\n\n\n\n<figure class=\"wp-block-image size-large\"><img loading=\"lazy\" decoding=\"async\" width=\"1024\" height=\"576\" src=\"https:\/\/paivakumpu.net\/wp-content\/uploads\/2025\/10\/WhatsApp-Image-2025-10-25-at-17.57.17-1024x576.jpeg\" alt=\"\" class=\"wp-image-620\" srcset=\"https:\/\/paivakumpu.net\/wp-content\/uploads\/2025\/10\/WhatsApp-Image-2025-10-25-at-17.57.17-1024x576.jpeg 1024w, https:\/\/paivakumpu.net\/wp-content\/uploads\/2025\/10\/WhatsApp-Image-2025-10-25-at-17.57.17-300x169.jpeg 300w, https:\/\/paivakumpu.net\/wp-content\/uploads\/2025\/10\/WhatsApp-Image-2025-10-25-at-17.57.17-768x432.jpeg 768w, https:\/\/paivakumpu.net\/wp-content\/uploads\/2025\/10\/WhatsApp-Image-2025-10-25-at-17.57.17-1536x864.jpeg 1536w, https:\/\/paivakumpu.net\/wp-content\/uploads\/2025\/10\/WhatsApp-Image-2025-10-25-at-17.57.17.jpeg 1768w\" sizes=\"(max-width: 1024px) 100vw, 1024px\" \/><\/figure>\n\n\n\n<h4 class=\"wp-block-heading\">Alueen sijainti ja ymp\u00e4rist\u00f6<\/h4>\n\n\n\n<p>Suunnittelualue sijaitsee P\u00e4iv\u00e4kummun kaupunginosassa, rajoittuen pohjoisessa ja l\u00e4nness\u00e4 Keravanjokeen. Luonnonymp\u00e4rist\u00f6 ja maisema ovat merkitt\u00e4v\u00e4 osa alueen identiteetti\u00e4.&nbsp;Kaavaratkaisussa on huomioitu:<\/p>\n\n\n\n<ul>\n<li>Luonnon monimuotoisuuden s\u00e4ilytt\u00e4minen<\/li>\n\n\n\n<li>Maisemallisesti arvokkaiden puustovy\u00f6hykkeiden s\u00e4ilytt\u00e4minen<\/li>\n\n\n\n<li>Rakennusten sopeuttaminen ymp\u00e4rist\u00f6\u00f6n julkisivumateriaalien ja v\u00e4rityksen avulla<\/li>\n<\/ul>\n\n\n\n<p>Osa tonteista toteutetaan mets\u00e4isin\u00e4, osa puutarhamaisina pihoina. Rakennusmateriaalien k\u00e4yt\u00f6ss\u00e4 painotetaan puuta ja luonnollisia s\u00e4vyj\u00e4.<\/p>\n\n\n\n<h4 class=\"wp-block-heading\">Osallistuminen ja vuorovaikutus<\/h4>\n\n\n\n<p>Kaavaty\u00f6h\u00f6n liittyen laadittiin osallistumis- ja arviointisuunnitelma (OAS), ja kaavan vireilletulosta tiedotettiin asianmukaisesti. Asukkailla ja sidosryhmill\u00e4 oli mahdollisuus esitt\u00e4\u00e4 mielipiteit\u00e4 valmisteluaineistosta.<\/p>\n\n\n\n<p>Saapuneita mielipiteit\u00e4 oli yhteens\u00e4 141 kappaletta. Palautteissa korostuivat seuraavat teemat:<\/p>\n\n\n\n<ul>\n<li>Luonnon monimuotoisuuden ja virkistysmahdollisuuksien turvaaminen<\/li>\n\n\n\n<li>Rakentamisen mittakaava ja vaikutukset maisemaan<\/li>\n\n\n\n<li>Hiilineutraalisuuden huomioiminen suunnittelussa<\/li>\n<\/ul>\n\n\n\n<h4 class=\"wp-block-heading\">Toteuttaminen ja jatkotoimenpiteet<\/h4>\n\n\n\n<p>Kaavaehdotus ja tonttijakoehdotus asetetaan julkisesti n\u00e4ht\u00e4ville 30 p\u00e4iv\u00e4n ajaksi. N\u00e4ht\u00e4vill\u00e4olon j\u00e4lkeen kaupunkisuunnitteluvirasto pyyt\u00e4\u00e4 tarvittavat lausunnot ennen lopullista hyv\u00e4ksymisp\u00e4\u00e4t\u00f6st\u00e4.<\/p>\n\n\n\n<p>Kaavamuutos koskee kaupungin omistamaa maata, joten erillist\u00e4 maank\u00e4ytt\u00f6sopimusta ei ole tarpeen laatia. Toteutus voidaan k\u00e4ynnist\u00e4\u00e4 kaavan saatua lainvoiman, ja kunnallistekniikka on alueella p\u00e4\u00e4osin valmiina.<\/p>\n\n\n\n<figure class=\"wp-block-image size-large\"><img loading=\"lazy\" decoding=\"async\" width=\"1721\" height=\"1103\" src=\"https:\/\/paivakumpu.net\/wp-content\/uploads\/2025\/10\/WhatsApp-Image-2025-10-24-at-10.54.48-edited-1.jpeg\" alt=\"\" class=\"wp-image-665\" srcset=\"https:\/\/paivakumpu.net\/wp-content\/uploads\/2025\/10\/WhatsApp-Image-2025-10-24-at-10.54.48-edited-1.jpeg 1721w, https:\/\/paivakumpu.net\/wp-content\/uploads\/2025\/10\/WhatsApp-Image-2025-10-24-at-10.54.48-edited-1-300x192.jpeg 300w, https:\/\/paivakumpu.net\/wp-content\/uploads\/2025\/10\/WhatsApp-Image-2025-10-24-at-10.54.48-edited-1-1024x656.jpeg 1024w, https:\/\/paivakumpu.net\/wp-content\/uploads\/2025\/10\/WhatsApp-Image-2025-10-24-at-10.54.48-edited-1-768x492.jpeg 768w, https:\/\/paivakumpu.net\/wp-content\/uploads\/2025\/10\/WhatsApp-Image-2025-10-24-at-10.54.48-edited-1-1536x984.jpeg 1536w\" sizes=\"(max-width: 1721px) 100vw, 1721px\" \/><\/figure>\n","protected":false},"excerpt":{"rendered":"<p>Ohessa tiivistelm\u00e4 kaupunkiymp\u00e4rist\u00f6laitakunnan kokouksessa 21.10. 2025 k\u00e4sitellyst\u00e4 esityksest\u00e4. Esitys j\u00e4tettiin p\u00f6yd\u00e4lle. Tausta ja tavoitteet Vantaan kaupungin kaupunkisuunnittelu on k\u00e4ynnist\u00e4nyt asemakaavamuutoksen nro 002558 P\u00e4iv\u00e4kummun kaupunginosassa. Kaavamuutoksen tavoitteena on mahdollistaa pientaloasumisen lis\u00e4\u00e4minen alueella sek\u00e4 turvata l\u00e4hiymp\u00e4rist\u00f6n virkistys- ja luontoarvot. Suunnittelualueen kokonaispinta-ala on noin 22 hehtaaria, josta suurin osa osoitetaan l\u00e4hivirkistysalueeksi (VG) ja noin 5 hehtaaria pientalovaltaiseksi asuinalueeksi. &hellip; <a href=\"https:\/\/paivakumpu.net\/index.php\/julkaisut\/verkkolehdet\/2025-2\/asemakaavamuutos-002558-paivakummun-pientalotontit-ja-virkistysalue\/\" class=\"more-link\">Jatka lukemista <span class=\"screen-reader-text\">Asemakaavamuutos &#8211; 002558 P\u00e4iv\u00e4kummun pientalotontit ja virkistysalue<\/span><\/a><\/p>\n","protected":false},"author":2,"featured_media":0,"parent":496,"menu_order":4,"comment_status":"closed","ping_status":"closed","template":"templates\/full-width-page.php","meta":{"footnotes":""},"_links":{"self":[{"href":"https:\/\/paivakumpu.net\/index.php\/wp-json\/wp\/v2\/pages\/614"}],"collection":[{"href":"https:\/\/paivakumpu.net\/index.php\/wp-json\/wp\/v2\/pages"}],"about":[{"href":"https:\/\/paivakumpu.net\/index.php\/wp-json\/wp\/v2\/types\/page"}],"author":[{"embeddable":true,"href":"https:\/\/paivakumpu.net\/index.php\/wp-json\/wp\/v2\/users\/2"}],"replies":[{"embeddable":true,"href":"https:\/\/paivakumpu.net\/index.php\/wp-json\/wp\/v2\/comments?post=614"}],"version-history":[{"count":10,"href":"https:\/\/paivakumpu.net\/index.php\/wp-json\/wp\/v2\/pages\/614\/revisions"}],"predecessor-version":[{"id":670,"href":"https:\/\/paivakumpu.net\/index.php\/wp-json\/wp\/v2\/pages\/614\/revisions\/670"}],"up":[{"embeddable":true,"href":"https:\/\/paivakumpu.net\/index.php\/wp-json\/wp\/v2\/pages\/496"}],"wp:attachment":[{"href":"https:\/\/paivakumpu.net\/index.php\/wp-json\/wp\/v2\/media?parent=614"}],"curies":[{"name":"wp","href":"https:\/\/api.w.org\/{rel}","templated":true}]}}